{"id":1773,"date":"2015-08-22T06:39:26","date_gmt":"2015-08-22T04:39:26","guid":{"rendered":"http:\/\/new.prehrada-pastviny.cz\/cs\/obec-pastviny-turisticke-informacni-centrum\/"},"modified":"2023-04-14T14:13:33","modified_gmt":"2023-04-14T12:13:33","slug":"obec-pastviny-turisticke-informacni-centrum","status":"publish","type":"page","link":"https:\/\/prehrada-pastviny.cz\/cs\/obec-pastviny-turisticke-informacni-centrum\/","title":{"rendered":"Obec Pastviny &#8211; Turistick\u00e9 informa\u010dn\u00ed centrum"},"content":{"rendered":"<!--themify_builder_content-->\n<div id=\"themify_builder_content-1773\" data-postid=\"1773\" class=\"themify_builder_content themify_builder_content-1773 themify_builder tf_clear\">\n                    <div  data-lazy=\"1\" class=\"module_row themify_builder_row tb_pjqw80 tb_first tf_w\">\n                        <div class=\"row_inner col_align_top tb_col_count_2 tf_box tf_rel\">\n                        <div  data-lazy=\"1\" class=\"module_column tb-column col3-2 tb_9zon80 first\">\n                    <!-- module text -->\n<div  class=\"module module-text tb_39fw80  repeat \" data-lazy=\"1\">\n        <div  class=\"tb_text_wrap\">\n        <h1>Obec Pastviny &#8211; Turistick\u00e9 informa\u010dn\u00ed centrum<\/h1>\n<p>Obec Pastviny provozuje pro sv\u00e9 n\u00e1v\u0161t\u011bvn\u00edky informa\u010dn\u00ed centrum, kter\u00e9 poskytuje pro neznal\u00e9 obce Pastviny mnoho d\u016fle\u017eit\u00fdch informac\u00ed. Turist\u00e9 se mohou dozv\u011bd\u011bt mnoho d\u016fle\u017eit\u00fdch informac\u00ed o mo\u017enostech vy\u017eit\u00ed v okol\u00ed Pastvinsk\u00e9 p\u0159ehrady, turistick\u00fdch tras\u00e1ch, stezk\u00e1ch pro cyklisty v okol\u00ed nebo <a href=\"http:\/\/new.prehrada-pastviny.cz\/cs\/ubytovani-pastviny\">mo\u017enostech ubytov\u00e1n\u00ed<\/a>. Infocentrum nalezente u autobusov\u00e9ho n\u00e1dra\u017e\u00ed v Pastvin\u00e1ch.<\/p>    <\/div>\n<\/div>\n<!-- \/module text -->        <\/div>\n                    <div  data-lazy=\"1\" class=\"module_column tb-column col3-1 tb_ha7881 last\">\n                            <\/div>\n                        <\/div>\n        <\/div>\n                        <div  data-css_id=\"pt5a172\" data-lazy=\"1\" class=\"module_row themify_builder_row fullwidth tb_pt5a172 tf_w\">\n                        <div class=\"row_inner col_align_top tb_col_count_2 tf_box tf_rel\">\n                        <div  data-lazy=\"1\" class=\"module_column tb-column col4-1 tb_s3tc172 first\">\n                            <\/div>\n                    <div  data-lazy=\"1\" class=\"module_column tb-column col4-3 tb_pmpk173 last\">\n                            <div  data-lazy=\"1\" class=\"module_subrow themify_builder_sub_row tf_w col_align_top gutter-none tb_col_count_2 tb_yuym174\">\n                <div  data-lazy=\"1\" class=\"module_column sub_column tb_zpji175 first\">\n                    <!-- module image -->\n<div  class=\"module module-image tb_l8pq175 image-top   tf_mw\" data-lazy=\"1\" data-lax-translate-y=\"(vh*1) 0,(vh*0) -70\" data-lax=\"true\">\n        <div class=\"image-wrap tf_rel tf_mw\">\n            <img loading=\"lazy\" decoding=\"async\" src=\"https:\/\/prehrada-pastviny.cz\/wp-content\/uploads\/2015\/08\/infocentrum-1024x768-700x500.jpg\" width=\"700\" height=\"500\" class=\"wp-post-image wp-image-1774\" title=\"infocentrum\" alt=\"infocentrum\">    \n        <\/div>\n    <!-- \/image-wrap -->\n    \n        <\/div>\n<!-- \/module image -->        <\/div>\n                    <div  data-lazy=\"1\" class=\"module_column sub_column tb_lnd1175 last\">\n                    <!-- module text -->\n<div  class=\"module module-text tb_fwzw176   \" data-lazy=\"1\">\n        <div  class=\"tb_text_wrap\">\n        <h2>Informace pro turisty Pastviny<\/h2>\n<p>Ofici\u00e1ln\u00ed turistick\u00e9 informa\u010dn\u00ed centrum Pastiny provozuje obec Pastviny. Dom\u00e1c\u00edm i zahrani\u010dn\u00edm n\u00e1v\u0161t\u011bvn\u00edk\u016fm Pasvin je k dispozici pouze v letn\u00ed sez\u00f3n\u011b. Turistick\u00e9 informa\u010dn\u00ed centrum se nach\u00e1z\u00ed p\u0159\u00edmo u autobusov\u00e9ho n\u00e1dra\u017e\u00ed.<\/p>    <\/div>\n<\/div>\n<!-- \/module text --><!-- module buttons -->\n<div  class=\"module module-buttons tb_ylmu553 buttons-horizontal solid \" data-lazy=\"1\">\n        <div class=\"module-buttons-item tf_in_flx\">\n                        <a href=\"https:\/\/www.obecpastviny.cz\/\" class=\"ui builder_button tf_in_flx black\" >\n                                                www str\u00e1nky obce                                        <em><svg  class=\"tf_fa tf-ti-arrow-right\" xmlns:xlink=\"http:\/\/www.w3.org\/1999\/xlink\" aria-hidden=\"true\"><use href=\"#tf-ti-arrow-right\" xlink:href=\"#tf-ti-arrow-right\"><\/use><\/svg><\/em>                            <\/a>\n                <\/div>\n            <\/div>\n<!-- \/module buttons -->\n        <\/div>\n                    <\/div>\n                <\/div>\n                        <\/div>\n        <\/div>\n        <\/div>\n<!--\/themify_builder_content-->","protected":false},"excerpt":{"rendered":"<p>Obec Pastviny &#8211; Turistick\u00e9 informa\u010dn\u00ed centrum Obec Pastviny provozuje pro sv\u00e9 n\u00e1v\u0161t\u011bvn\u00edky informa\u010dn\u00ed centrum, kter\u00e9 poskytuje pro neznal\u00e9 obce Pastviny mnoho d\u016fle\u017eit\u00fdch informac\u00ed. Turist\u00e9 se mohou dozv\u011bd\u011bt mnoho d\u016fle\u017eit\u00fdch informac\u00ed o mo\u017enostech vy\u017eit\u00ed v okol\u00ed Pastvinsk\u00e9 p\u0159ehrady, turistick\u00fdch tras\u00e1ch, stezk\u00e1ch pro cyklisty v okol\u00ed nebo mo\u017enostech ubytov\u00e1n\u00ed. Infocentrum nalezente u autobusov\u00e9ho n\u00e1dra\u017e\u00ed v Pastvin\u00e1ch. Informace [&hellip;]<\/p>\n","protected":false},"author":6,"featured_media":0,"parent":0,"menu_order":0,"comment_status":"closed","ping_status":"closed","template":"","meta":{"_acf_changed":false,"footnotes":""},"class_list":["post-1773","page","type-page","status-publish","hentry","has-post-title","has-post-date","has-post-category","has-post-tag","has-post-comment","has-post-author",""],"acf":[],"yoast_head":"<!-- This site is optimized with the Yoast SEO plugin v27.4 - https:\/\/yoast.com\/product\/yoast-seo-wordpress\/ -->\n<title>Obec Pastviny - Turistick\u00e9 informa\u010dn\u00ed centrum | P\u0159ehrada Pastviny<\/title>\n<meta name=\"robots\" content=\"index, follow, max-snippet:-1, max-image-preview:large, max-video-preview:-1\" \/>\n<link rel=\"canonical\" href=\"https:\/\/prehrada-pastviny.cz\/cs\/obec-pastviny-turisticke-informacni-centrum\/\" \/>\n<meta property=\"og:locale\" content=\"cs_CZ\" \/>\n<meta property=\"og:type\" content=\"article\" \/>\n<meta property=\"og:title\" content=\"Obec Pastviny - Turistick\u00e9 informa\u010dn\u00ed centrum | P\u0159ehrada Pastviny\" \/>\n<meta property=\"og:description\" content=\"Obec Pastviny &#8211; Turistick\u00e9 informa\u010dn\u00ed centrum Obec Pastviny provozuje pro sv\u00e9 n\u00e1v\u0161t\u011bvn\u00edky informa\u010dn\u00ed centrum, kter\u00e9 poskytuje pro neznal\u00e9 obce Pastviny mnoho d\u016fle\u017eit\u00fdch informac\u00ed. Turist\u00e9 se mohou dozv\u011bd\u011bt mnoho d\u016fle\u017eit\u00fdch informac\u00ed o mo\u017enostech vy\u017eit\u00ed v okol\u00ed Pastvinsk\u00e9 p\u0159ehrady, turistick\u00fdch tras\u00e1ch, stezk\u00e1ch pro cyklisty v okol\u00ed nebo mo\u017enostech ubytov\u00e1n\u00ed. Infocentrum nalezente u autobusov\u00e9ho n\u00e1dra\u017e\u00ed v Pastvin\u00e1ch. Informace [&hellip;]\" \/>\n<meta property=\"og:url\" content=\"https:\/\/prehrada-pastviny.cz\/cs\/obec-pastviny-turisticke-informacni-centrum\/\" \/>\n<meta property=\"og:site_name\" content=\"P\u0159ehrada Pastviny\" \/>\n<meta property=\"article:publisher\" content=\"https:\/\/www.facebook.com\/pastviny\" \/>\n<meta property=\"article:modified_time\" content=\"2023-04-14T12:13:33+00:00\" \/>\n<meta property=\"og:image\" content=\"http:\/\/new.prehrada-pastviny.cz\/wp-content\/uploads\/2015\/08\/img_2860_0-1024x768-700x500.jpg\" \/>\n<meta name=\"twitter:card\" content=\"summary_large_image\" \/>\n<meta name=\"twitter:label1\" content=\"Odhadovan\u00e1 doba \u010dten\u00ed\" \/>\n\t<meta name=\"twitter:data1\" content=\"1 minuta\" \/>\n<script type=\"application\/ld+json\" class=\"yoast-schema-graph\">{\"@context\":\"https:\\\/\\\/schema.org\",\"@graph\":[{\"@type\":\"WebPage\",\"@id\":\"https:\\\/\\\/prehrada-pastviny.cz\\\/cs\\\/obec-pastviny-turisticke-informacni-centrum\\\/\",\"url\":\"https:\\\/\\\/prehrada-pastviny.cz\\\/cs\\\/obec-pastviny-turisticke-informacni-centrum\\\/\",\"name\":\"Obec Pastviny - Turistick\u00e9 informa\u010dn\u00ed centrum | P\u0159ehrada Pastviny\",\"isPartOf\":{\"@id\":\"https:\\\/\\\/prehrada-pastviny.cz\\\/cs\\\/#website\"},\"primaryImageOfPage\":{\"@id\":\"https:\\\/\\\/prehrada-pastviny.cz\\\/cs\\\/obec-pastviny-turisticke-informacni-centrum\\\/#primaryimage\"},\"image\":{\"@id\":\"https:\\\/\\\/prehrada-pastviny.cz\\\/cs\\\/obec-pastviny-turisticke-informacni-centrum\\\/#primaryimage\"},\"thumbnailUrl\":\"https:\\\/\\\/prehrada-pastviny.cz\\\/wp-content\\\/uploads\\\/2015\\\/08\\\/infocentrum-1024x768-700x500.jpg\",\"datePublished\":\"2015-08-22T04:39:26+00:00\",\"dateModified\":\"2023-04-14T12:13:33+00:00\",\"breadcrumb\":{\"@id\":\"https:\\\/\\\/prehrada-pastviny.cz\\\/cs\\\/obec-pastviny-turisticke-informacni-centrum\\\/#breadcrumb\"},\"inLanguage\":\"cs\",\"potentialAction\":[{\"@type\":\"ReadAction\",\"target\":[\"https:\\\/\\\/prehrada-pastviny.cz\\\/cs\\\/obec-pastviny-turisticke-informacni-centrum\\\/\"]}]},{\"@type\":\"ImageObject\",\"inLanguage\":\"cs\",\"@id\":\"https:\\\/\\\/prehrada-pastviny.cz\\\/cs\\\/obec-pastviny-turisticke-informacni-centrum\\\/#primaryimage\",\"url\":\"https:\\\/\\\/prehrada-pastviny.cz\\\/wp-content\\\/uploads\\\/2015\\\/08\\\/infocentrum-1024x768-700x500.jpg\",\"contentUrl\":\"https:\\\/\\\/prehrada-pastviny.cz\\\/wp-content\\\/uploads\\\/2015\\\/08\\\/infocentrum-1024x768-700x500.jpg\"},{\"@type\":\"BreadcrumbList\",\"@id\":\"https:\\\/\\\/prehrada-pastviny.cz\\\/cs\\\/obec-pastviny-turisticke-informacni-centrum\\\/#breadcrumb\",\"itemListElement\":[{\"@type\":\"ListItem\",\"position\":1,\"name\":\"Dom\u016f\",\"item\":\"https:\\\/\\\/prehrada-pastviny.cz\\\/cs\\\/\"},{\"@type\":\"ListItem\",\"position\":2,\"name\":\"Obec Pastviny &#8211; Turistick\u00e9 informa\u010dn\u00ed centrum\"}]},{\"@type\":\"WebSite\",\"@id\":\"https:\\\/\\\/prehrada-pastviny.cz\\\/cs\\\/#website\",\"url\":\"https:\\\/\\\/prehrada-pastviny.cz\\\/cs\\\/\",\"name\":\"P\u0159ehrada Pastviny\",\"description\":\"Pastvinsk\u00e1 P\u0159ehrada\",\"alternateName\":\"Pastvinsk\u00e1 p\u0159ehrada\",\"potentialAction\":[{\"@type\":\"SearchAction\",\"target\":{\"@type\":\"EntryPoint\",\"urlTemplate\":\"https:\\\/\\\/prehrada-pastviny.cz\\\/cs\\\/?s={search_term_string}\"},\"query-input\":{\"@type\":\"PropertyValueSpecification\",\"valueRequired\":true,\"valueName\":\"search_term_string\"}}],\"inLanguage\":\"cs\"}]}<\/script>\n<!-- \/ Yoast SEO plugin. -->","yoast_head_json":{"title":"Obec Pastviny - Turistick\u00e9 informa\u010dn\u00ed centrum | P\u0159ehrada Pastviny","robots":{"index":"index","follow":"follow","max-snippet":"max-snippet:-1","max-image-preview":"max-image-preview:large","max-video-preview":"max-video-preview:-1"},"canonical":"https:\/\/prehrada-pastviny.cz\/cs\/obec-pastviny-turisticke-informacni-centrum\/","og_locale":"cs_CZ","og_type":"article","og_title":"Obec Pastviny - Turistick\u00e9 informa\u010dn\u00ed centrum | P\u0159ehrada Pastviny","og_description":"Obec Pastviny &#8211; Turistick\u00e9 informa\u010dn\u00ed centrum Obec Pastviny provozuje pro sv\u00e9 n\u00e1v\u0161t\u011bvn\u00edky informa\u010dn\u00ed centrum, kter\u00e9 poskytuje pro neznal\u00e9 obce Pastviny mnoho d\u016fle\u017eit\u00fdch informac\u00ed. Turist\u00e9 se mohou dozv\u011bd\u011bt mnoho d\u016fle\u017eit\u00fdch informac\u00ed o mo\u017enostech vy\u017eit\u00ed v okol\u00ed Pastvinsk\u00e9 p\u0159ehrady, turistick\u00fdch tras\u00e1ch, stezk\u00e1ch pro cyklisty v okol\u00ed nebo mo\u017enostech ubytov\u00e1n\u00ed. Infocentrum nalezente u autobusov\u00e9ho n\u00e1dra\u017e\u00ed v Pastvin\u00e1ch. Informace [&hellip;]","og_url":"https:\/\/prehrada-pastviny.cz\/cs\/obec-pastviny-turisticke-informacni-centrum\/","og_site_name":"P\u0159ehrada Pastviny","article_publisher":"https:\/\/www.facebook.com\/pastviny","article_modified_time":"2023-04-14T12:13:33+00:00","og_image":[{"url":"http:\/\/new.prehrada-pastviny.cz\/wp-content\/uploads\/2015\/08\/img_2860_0-1024x768-700x500.jpg","type":"","width":"","height":""}],"twitter_card":"summary_large_image","twitter_misc":{"Odhadovan\u00e1 doba \u010dten\u00ed":"1 minuta"},"schema":{"@context":"https:\/\/schema.org","@graph":[{"@type":"WebPage","@id":"https:\/\/prehrada-pastviny.cz\/cs\/obec-pastviny-turisticke-informacni-centrum\/","url":"https:\/\/prehrada-pastviny.cz\/cs\/obec-pastviny-turisticke-informacni-centrum\/","name":"Obec Pastviny - Turistick\u00e9 informa\u010dn\u00ed centrum | P\u0159ehrada Pastviny","isPartOf":{"@id":"https:\/\/prehrada-pastviny.cz\/cs\/#website"},"primaryImageOfPage":{"@id":"https:\/\/prehrada-pastviny.cz\/cs\/obec-pastviny-turisticke-informacni-centrum\/#primaryimage"},"image":{"@id":"https:\/\/prehrada-pastviny.cz\/cs\/obec-pastviny-turisticke-informacni-centrum\/#primaryimage"},"thumbnailUrl":"https:\/\/prehrada-pastviny.cz\/wp-content\/uploads\/2015\/08\/infocentrum-1024x768-700x500.jpg","datePublished":"2015-08-22T04:39:26+00:00","dateModified":"2023-04-14T12:13:33+00:00","breadcrumb":{"@id":"https:\/\/prehrada-pastviny.cz\/cs\/obec-pastviny-turisticke-informacni-centrum\/#breadcrumb"},"inLanguage":"cs","potentialAction":[{"@type":"ReadAction","target":["https:\/\/prehrada-pastviny.cz\/cs\/obec-pastviny-turisticke-informacni-centrum\/"]}]},{"@type":"ImageObject","inLanguage":"cs","@id":"https:\/\/prehrada-pastviny.cz\/cs\/obec-pastviny-turisticke-informacni-centrum\/#primaryimage","url":"https:\/\/prehrada-pastviny.cz\/wp-content\/uploads\/2015\/08\/infocentrum-1024x768-700x500.jpg","contentUrl":"https:\/\/prehrada-pastviny.cz\/wp-content\/uploads\/2015\/08\/infocentrum-1024x768-700x500.jpg"},{"@type":"BreadcrumbList","@id":"https:\/\/prehrada-pastviny.cz\/cs\/obec-pastviny-turisticke-informacni-centrum\/#breadcrumb","itemListElement":[{"@type":"ListItem","position":1,"name":"Dom\u016f","item":"https:\/\/prehrada-pastviny.cz\/cs\/"},{"@type":"ListItem","position":2,"name":"Obec Pastviny &#8211; Turistick\u00e9 informa\u010dn\u00ed centrum"}]},{"@type":"WebSite","@id":"https:\/\/prehrada-pastviny.cz\/cs\/#website","url":"https:\/\/prehrada-pastviny.cz\/cs\/","name":"P\u0159ehrada Pastviny","description":"Pastvinsk\u00e1 P\u0159ehrada","alternateName":"Pastvinsk\u00e1 p\u0159ehrada","potentialAction":[{"@type":"SearchAction","target":{"@type":"EntryPoint","urlTemplate":"https:\/\/prehrada-pastviny.cz\/cs\/?s={search_term_string}"},"query-input":{"@type":"PropertyValueSpecification","valueRequired":true,"valueName":"search_term_string"}}],"inLanguage":"cs"}]}},"builder_content":"<h1>Obec Pastviny - Turistick\u00e9 informa\u010dn\u00ed centrum<\/h1> <p>Obec Pastviny provozuje pro sv\u00e9 n\u00e1v\u0161t\u011bvn\u00edky informa\u010dn\u00ed centrum, kter\u00e9 poskytuje pro neznal\u00e9 obce Pastviny mnoho d\u016fle\u017eit\u00fdch informac\u00ed. Turist\u00e9 se mohou dozv\u011bd\u011bt mnoho d\u016fle\u017eit\u00fdch informac\u00ed o mo\u017enostech vy\u017eit\u00ed v okol\u00ed Pastvinsk\u00e9 p\u0159ehrady, turistick\u00fdch tras\u00e1ch, stezk\u00e1ch pro cyklisty v okol\u00ed nebo <a href=\"http:\/\/new.prehrada-pastviny.cz\/cs\/ubytovani-pastviny\">mo\u017enostech ubytov\u00e1n\u00ed<\/a>. Infocentrum nalezente u autobusov\u00e9ho n\u00e1dra\u017e\u00ed v Pastvin\u00e1ch.<\/p>\n<img src=\"https:\/\/prehrada-pastviny.cz\/wp-content\/uploads\/2015\/08\/infocentrum-1024x768-700x500.jpg\" width=\"700\" height=\"500\" title=\"infocentrum\" alt=\"infocentrum\">\n<h2>Informace pro turisty Pastviny<\/h2> <p>Ofici\u00e1ln\u00ed turistick\u00e9 informa\u010dn\u00ed centrum Pastiny provozuje obec Pastviny. Dom\u00e1c\u00edm i zahrani\u010dn\u00edm n\u00e1v\u0161t\u011bvn\u00edk\u016fm Pasvin je k dispozici pouze v letn\u00ed sez\u00f3n\u011b. Turistick\u00e9 informa\u010dn\u00ed centrum se nach\u00e1z\u00ed p\u0159\u00edmo u autobusov\u00e9ho n\u00e1dra\u017e\u00ed.<\/p>\n<a href=\"https:\/\/www.obecpastviny.cz\/\" > www str\u00e1nky obce <em><svg xmlns:xlink=\"http:\/\/www.w3.org\/1999\/xlink\" aria-hidden=\"true\"><use href=\"#tf-ti-arrow-right\" xlink:href=\"#tf-ti-arrow-right\"><\/use><\/svg><\/em> <\/a>","_links":{"self":[{"href":"https:\/\/prehrada-pastviny.cz\/cs\/wp-json\/wp\/v2\/pages\/1773","targetHints":{"allow":["GET"]}}],"collection":[{"href":"https:\/\/prehrada-pastviny.cz\/cs\/wp-json\/wp\/v2\/pages"}],"about":[{"href":"https:\/\/prehrada-pastviny.cz\/cs\/wp-json\/wp\/v2\/types\/page"}],"author":[{"embeddable":true,"href":"https:\/\/prehrada-pastviny.cz\/cs\/wp-json\/wp\/v2\/users\/6"}],"replies":[{"embeddable":true,"href":"https:\/\/prehrada-pastviny.cz\/cs\/wp-json\/wp\/v2\/comments?post=1773"}],"version-history":[{"count":22,"href":"https:\/\/prehrada-pastviny.cz\/cs\/wp-json\/wp\/v2\/pages\/1773\/revisions"}],"predecessor-version":[{"id":2828,"href":"https:\/\/prehrada-pastviny.cz\/cs\/wp-json\/wp\/v2\/pages\/1773\/revisions\/2828"}],"wp:attachment":[{"href":"https:\/\/prehrada-pastviny.cz\/cs\/wp-json\/wp\/v2\/media?parent=1773"}],"curies":[{"name":"wp","href":"https:\/\/api.w.org\/{rel}","templated":true}]}}