{"id":1785,"date":"2015-12-16T09:09:32","date_gmt":"2015-12-16T08:09:32","guid":{"rendered":"http:\/\/new.prehrada-pastviny.cz\/cs\/prodej-chaty-pastviny\/"},"modified":"2015-12-16T09:09:32","modified_gmt":"2015-12-16T08:09:32","slug":"prodej-chaty-pastviny","status":"publish","type":"page","link":"https:\/\/prehrada-pastviny.cz\/cs\/prodej-chaty-pastviny\/","title":{"rendered":"Prodej chaty Pastviny"},"content":{"rendered":"<h1>Sh\u00e1n\u00edte chatu u p\u0159ehrady v Pastvin\u00e1ch?<\/h1>\n<p>P\u0159ekr\u00e1sn\u00e1 rekrea\u010dn\u00ed lokalita okolo Pastvinsk\u00e9 p\u0159ehrady vzbuzuje velk\u00fd z\u00e1jem lid\u00ed, kte\u0159\u00ed tou\u017e\u00ed po vlastn\u00edm rekrea\u010dn\u00edm objektu na p\u011bkn\u00e9m m\u00edst\u011b. Chat je v okol\u00ed p\u0159ehrady opravdu hodn\u011b a tak nen\u00ed divu, \u017ee se ob\u010das n\u011bjak\u00e1 k prodeji nab\u00edz\u00ed. Jeliko\u017e v\u0161ak popt\u00e1vka na koupi chaty v t\u00e9to lokalit\u011b p\u0159evy\u0161uje nab\u00eddku, odr\u00e1\u017e\u00ed se to samoz\u0159ejm\u011b na cen\u011b t\u011bchto nemovitost\u00ed. Chata u Pastvinsk\u00e9 p\u0159ehrady m\u016f\u017ee b\u00fdt i dobrou investic\u00ed, nebo\u0165 z\u00e1jem o <a href=\"http:\/\/prehrada-pastviny.cz\/cs\/typ-ubytovani\/chata-pastviny\">pron\u00e1jem chat<\/a> je v s\u00e9zon\u011b opravdu velik\u00fd a tak \u010d\u00e1stka inkasovan\u00e1 za t\u00fddenn\u00ed pobyt m\u016f\u017ee v sezon\u011b generovat slu\u0161n\u00fd zisk. <a href=\"http:\/\/prehrada-pastviny.cz\/cs\/pronajem-chaty-pastviny\">Pronaj\u00edmat chatu u p\u0159ehrady v Pastvin\u00e1ch<\/a> m\u016f\u017ee b\u00fdt zaj\u00edmav\u011bj\u0161\u00ed, ne\u017e nechat povalovat naspo\u0159en\u00e9 &nbsp;pen\u00edze na \u00fa\u010dtu bez v\u011bt\u0161\u00edho zhodnocen\u00ed. Nab\u00eddku chat k prodeji m\u016f\u017eete sledovat na n\u011bkter\u00e9m z realitn\u00edch server\u016f.&nbsp;<\/p>\n<p><a href=\"http:\/\/www.sreality.cz\/hledani\/prodej\/domy\/chalupy,chaty\/pardubicky-kraj?region=obec%20Pastviny&amp;region-id=3006&amp;region-typ=municipality\" target=\"_blank\" rel=\"noopener\">Prodej chaty Pastviny<\/a> na realitn\u00edm serveru sreality.cz nebo <a href=\"http:\/\/www.reality.cz\/prodej\/rekreace\/Pastviny\/?\" target=\"_blank\" rel=\"noopener\">prodej chaty v Pastvin\u00e1ch<\/a> na serveru reality.cz&nbsp;<\/p>\n","protected":false},"excerpt":{"rendered":"<p>Sh\u00e1n\u00edte chatu u p\u0159ehrady v Pastvin\u00e1ch? P\u0159ekr\u00e1sn\u00e1 rekrea\u010dn\u00ed lokalita okolo Pastvinsk\u00e9 p\u0159ehrady vzbuzuje velk\u00fd z\u00e1jem lid\u00ed, kte\u0159\u00ed tou\u017e\u00ed po vlastn\u00edm rekrea\u010dn\u00edm objektu na p\u011bkn\u00e9m m\u00edst\u011b. Chat je v okol\u00ed p\u0159ehrady opravdu hodn\u011b a tak nen\u00ed divu, \u017ee se ob\u010das n\u011bjak\u00e1 k prodeji nab\u00edz\u00ed. Jeliko\u017e v\u0161ak popt\u00e1vka na koupi chaty v t\u00e9to lokalit\u011b p\u0159evy\u0161uje nab\u00eddku, odr\u00e1\u017e\u00ed [&hellip;]<\/p>\n","protected":false},"author":6,"featured_media":0,"parent":0,"menu_order":0,"comment_status":"closed","ping_status":"closed","template":"","meta":{"_acf_changed":false,"footnotes":""},"class_list":["post-1785","page","type-page","status-publish","hentry","has-post-title","has-post-date","has-post-category","has-post-tag","has-post-comment","has-post-author",""],"acf":[],"yoast_head":"<!-- This site is optimized with the Yoast SEO plugin v27.5 - https:\/\/yoast.com\/product\/yoast-seo-wordpress\/ -->\n<title>Prodej chaty Pastviny | P\u0159ehrada Pastviny<\/title>\n<meta name=\"robots\" content=\"index, follow, max-snippet:-1, max-image-preview:large, max-video-preview:-1\" \/>\n<link rel=\"canonical\" href=\"https:\/\/prehrada-pastviny.cz\/cs\/prodej-chaty-pastviny\/\" \/>\n<meta property=\"og:locale\" content=\"cs_CZ\" \/>\n<meta property=\"og:type\" content=\"article\" \/>\n<meta property=\"og:title\" content=\"Prodej chaty Pastviny | P\u0159ehrada Pastviny\" \/>\n<meta property=\"og:description\" content=\"Sh\u00e1n\u00edte chatu u p\u0159ehrady v Pastvin\u00e1ch? P\u0159ekr\u00e1sn\u00e1 rekrea\u010dn\u00ed lokalita okolo Pastvinsk\u00e9 p\u0159ehrady vzbuzuje velk\u00fd z\u00e1jem lid\u00ed, kte\u0159\u00ed tou\u017e\u00ed po vlastn\u00edm rekrea\u010dn\u00edm objektu na p\u011bkn\u00e9m m\u00edst\u011b. Chat je v okol\u00ed p\u0159ehrady opravdu hodn\u011b a tak nen\u00ed divu, \u017ee se ob\u010das n\u011bjak\u00e1 k prodeji nab\u00edz\u00ed. Jeliko\u017e v\u0161ak popt\u00e1vka na koupi chaty v t\u00e9to lokalit\u011b p\u0159evy\u0161uje nab\u00eddku, odr\u00e1\u017e\u00ed [&hellip;]\" \/>\n<meta property=\"og:url\" content=\"https:\/\/prehrada-pastviny.cz\/cs\/prodej-chaty-pastviny\/\" \/>\n<meta property=\"og:site_name\" content=\"P\u0159ehrada Pastviny\" \/>\n<meta property=\"article:publisher\" content=\"https:\/\/www.facebook.com\/pastviny\" \/>\n<meta property=\"og:image\" content=\"https:\/\/prehrada-pastviny.cz\/wp-content\/uploads\/2023\/04\/preharda-pastviny-leto.jpg\" \/>\n\t<meta property=\"og:image:width\" content=\"1334\" \/>\n\t<meta property=\"og:image:height\" content=\"750\" \/>\n\t<meta property=\"og:image:type\" content=\"image\/jpeg\" \/>\n<meta name=\"twitter:card\" content=\"summary_large_image\" \/>\n<meta name=\"twitter:label1\" content=\"Odhadovan\u00e1 doba \u010dten\u00ed\" \/>\n\t<meta name=\"twitter:data1\" content=\"1 minuta\" \/>\n<script type=\"application\/ld+json\" class=\"yoast-schema-graph\">{\"@context\":\"https:\\\/\\\/schema.org\",\"@graph\":[{\"@type\":\"WebPage\",\"@id\":\"https:\\\/\\\/prehrada-pastviny.cz\\\/cs\\\/prodej-chaty-pastviny\\\/\",\"url\":\"https:\\\/\\\/prehrada-pastviny.cz\\\/cs\\\/prodej-chaty-pastviny\\\/\",\"name\":\"Prodej chaty Pastviny | P\u0159ehrada Pastviny\",\"isPartOf\":{\"@id\":\"https:\\\/\\\/prehrada-pastviny.cz\\\/cs\\\/#website\"},\"datePublished\":\"2015-12-16T08:09:32+00:00\",\"breadcrumb\":{\"@id\":\"https:\\\/\\\/prehrada-pastviny.cz\\\/cs\\\/prodej-chaty-pastviny\\\/#breadcrumb\"},\"inLanguage\":\"cs\",\"potentialAction\":[{\"@type\":\"ReadAction\",\"target\":[\"https:\\\/\\\/prehrada-pastviny.cz\\\/cs\\\/prodej-chaty-pastviny\\\/\"]}]},{\"@type\":\"BreadcrumbList\",\"@id\":\"https:\\\/\\\/prehrada-pastviny.cz\\\/cs\\\/prodej-chaty-pastviny\\\/#breadcrumb\",\"itemListElement\":[{\"@type\":\"ListItem\",\"position\":1,\"name\":\"Dom\u016f\",\"item\":\"https:\\\/\\\/prehrada-pastviny.cz\\\/cs\\\/\"},{\"@type\":\"ListItem\",\"position\":2,\"name\":\"Prodej chaty Pastviny\"}]},{\"@type\":\"WebSite\",\"@id\":\"https:\\\/\\\/prehrada-pastviny.cz\\\/cs\\\/#website\",\"url\":\"https:\\\/\\\/prehrada-pastviny.cz\\\/cs\\\/\",\"name\":\"P\u0159ehrada Pastviny\",\"description\":\"Pastvinsk\u00e1 P\u0159ehrada\",\"alternateName\":\"Pastvinsk\u00e1 p\u0159ehrada\",\"potentialAction\":[{\"@type\":\"SearchAction\",\"target\":{\"@type\":\"EntryPoint\",\"urlTemplate\":\"https:\\\/\\\/prehrada-pastviny.cz\\\/cs\\\/?s={search_term_string}\"},\"query-input\":{\"@type\":\"PropertyValueSpecification\",\"valueRequired\":true,\"valueName\":\"search_term_string\"}}],\"inLanguage\":\"cs\"}]}<\/script>\n<!-- \/ Yoast SEO plugin. -->","yoast_head_json":{"title":"Prodej chaty Pastviny | P\u0159ehrada Pastviny","robots":{"index":"index","follow":"follow","max-snippet":"max-snippet:-1","max-image-preview":"max-image-preview:large","max-video-preview":"max-video-preview:-1"},"canonical":"https:\/\/prehrada-pastviny.cz\/cs\/prodej-chaty-pastviny\/","og_locale":"cs_CZ","og_type":"article","og_title":"Prodej chaty Pastviny | P\u0159ehrada Pastviny","og_description":"Sh\u00e1n\u00edte chatu u p\u0159ehrady v Pastvin\u00e1ch? P\u0159ekr\u00e1sn\u00e1 rekrea\u010dn\u00ed lokalita okolo Pastvinsk\u00e9 p\u0159ehrady vzbuzuje velk\u00fd z\u00e1jem lid\u00ed, kte\u0159\u00ed tou\u017e\u00ed po vlastn\u00edm rekrea\u010dn\u00edm objektu na p\u011bkn\u00e9m m\u00edst\u011b. Chat je v okol\u00ed p\u0159ehrady opravdu hodn\u011b a tak nen\u00ed divu, \u017ee se ob\u010das n\u011bjak\u00e1 k prodeji nab\u00edz\u00ed. Jeliko\u017e v\u0161ak popt\u00e1vka na koupi chaty v t\u00e9to lokalit\u011b p\u0159evy\u0161uje nab\u00eddku, odr\u00e1\u017e\u00ed [&hellip;]","og_url":"https:\/\/prehrada-pastviny.cz\/cs\/prodej-chaty-pastviny\/","og_site_name":"P\u0159ehrada Pastviny","article_publisher":"https:\/\/www.facebook.com\/pastviny","og_image":[{"width":1334,"height":750,"url":"https:\/\/prehrada-pastviny.cz\/wp-content\/uploads\/2023\/04\/preharda-pastviny-leto.jpg","type":"image\/jpeg"}],"twitter_card":"summary_large_image","twitter_misc":{"Odhadovan\u00e1 doba \u010dten\u00ed":"1 minuta"},"schema":{"@context":"https:\/\/schema.org","@graph":[{"@type":"WebPage","@id":"https:\/\/prehrada-pastviny.cz\/cs\/prodej-chaty-pastviny\/","url":"https:\/\/prehrada-pastviny.cz\/cs\/prodej-chaty-pastviny\/","name":"Prodej chaty Pastviny | P\u0159ehrada Pastviny","isPartOf":{"@id":"https:\/\/prehrada-pastviny.cz\/cs\/#website"},"datePublished":"2015-12-16T08:09:32+00:00","breadcrumb":{"@id":"https:\/\/prehrada-pastviny.cz\/cs\/prodej-chaty-pastviny\/#breadcrumb"},"inLanguage":"cs","potentialAction":[{"@type":"ReadAction","target":["https:\/\/prehrada-pastviny.cz\/cs\/prodej-chaty-pastviny\/"]}]},{"@type":"BreadcrumbList","@id":"https:\/\/prehrada-pastviny.cz\/cs\/prodej-chaty-pastviny\/#breadcrumb","itemListElement":[{"@type":"ListItem","position":1,"name":"Dom\u016f","item":"https:\/\/prehrada-pastviny.cz\/cs\/"},{"@type":"ListItem","position":2,"name":"Prodej chaty Pastviny"}]},{"@type":"WebSite","@id":"https:\/\/prehrada-pastviny.cz\/cs\/#website","url":"https:\/\/prehrada-pastviny.cz\/cs\/","name":"P\u0159ehrada Pastviny","description":"Pastvinsk\u00e1 P\u0159ehrada","alternateName":"Pastvinsk\u00e1 p\u0159ehrada","potentialAction":[{"@type":"SearchAction","target":{"@type":"EntryPoint","urlTemplate":"https:\/\/prehrada-pastviny.cz\/cs\/?s={search_term_string}"},"query-input":{"@type":"PropertyValueSpecification","valueRequired":true,"valueName":"search_term_string"}}],"inLanguage":"cs"}]}},"builder_content":"","_links":{"self":[{"href":"https:\/\/prehrada-pastviny.cz\/cs\/wp-json\/wp\/v2\/pages\/1785","targetHints":{"allow":["GET"]}}],"collection":[{"href":"https:\/\/prehrada-pastviny.cz\/cs\/wp-json\/wp\/v2\/pages"}],"about":[{"href":"https:\/\/prehrada-pastviny.cz\/cs\/wp-json\/wp\/v2\/types\/page"}],"author":[{"embeddable":true,"href":"https:\/\/prehrada-pastviny.cz\/cs\/wp-json\/wp\/v2\/users\/6"}],"replies":[{"embeddable":true,"href":"https:\/\/prehrada-pastviny.cz\/cs\/wp-json\/wp\/v2\/comments?post=1785"}],"version-history":[{"count":0,"href":"https:\/\/prehrada-pastviny.cz\/cs\/wp-json\/wp\/v2\/pages\/1785\/revisions"}],"wp:attachment":[{"href":"https:\/\/prehrada-pastviny.cz\/cs\/wp-json\/wp\/v2\/media?parent=1785"}],"curies":[{"name":"wp","href":"https:\/\/api.w.org\/{rel}","templated":true}]}}