{"id":1790,"date":"2016-10-25T13:04:54","date_gmt":"2016-10-25T11:04:54","guid":{"rendered":"http:\/\/new.prehrada-pastviny.cz\/cs\/restaurace-u-mostu-pastviny\/"},"modified":"2023-04-14T07:29:58","modified_gmt":"2023-04-14T05:29:58","slug":"restaurace-u-mostu-pastviny","status":"publish","type":"page","link":"https:\/\/prehrada-pastviny.cz\/cs\/restaurace-u-mostu-pastviny\/","title":{"rendered":"Restaurace U mostu &#8211; Pastviny"},"content":{"rendered":"<p>Chyst\u00e1te se do Pastvin na v\u00fdlet \u010di dovolenou, nebo tudy budete pouze proj\u00ed\u017ed\u011bt? Nezapome\u0148te nav\u0161t\u00edvit restauraci U mostu, kde se dob\u0159e naj\u00edte i napijete. Tato <a href=\"https:\/\/prehrada-pastviny.cz\/cs\/restaurace-pastviny\/\">restaurace v Pastvin\u00e1ch<\/a> m\u00e1 opravdu dlouhou historii, kter\u00e1 sah\u00e1 do dob, kdy v Pastvin\u00e1ch \u017e\u00e1dn\u00e1 p\u0159ehrada nebyla a v \u00fadol\u00ed pod dne\u0161n\u00edm mostem st\u00e1vala \u0161kola, obchod a ji\u017e zm\u00edn\u011bn\u00fd W\u00e1gner\u016fv hostinec. Tak jako ostatn\u00ed staven\u00ed ustoupily v\u00fdstavb\u011b \u00fadoln\u00ed p\u0159ehrady musel i hostinec. Hospodsk\u00fd se v\u0161ak nevzdal a vybudoval u pr\u00e1v\u011b dostaven\u00e9ho pastvinsk\u00e9ho mostu hostinec nov\u00fd. V r\u016fzn\u00fdch podob\u00e1ch pak z\u016fstala restaurace U mostu slou\u017eit lidem a\u017e do dne\u0161n\u00ed doby.<\/p>\n<h2>Restaurace U mostu Pastviny<\/h2>\n<p>Ofici\u00e1ln\u00ed webov\u00e9 str\u00e1nky Restaurace U mostu zde: <a href=\"http:\/\/hostinecumostu.cz\">HOSTINEC U MOSTU PASTVINY<\/a><\/p>\n<p>\u00a0<\/p>\n\n<!-- wp:themify-builder\/canvas \/-->","protected":false},"excerpt":{"rendered":"<p>Chyst\u00e1te se do Pastvin na v\u00fdlet \u010di dovolenou, nebo tudy budete pouze proj\u00ed\u017ed\u011bt? Nezapome\u0148te nav\u0161t\u00edvit restauraci U mostu, kde se dob\u0159e naj\u00edte i napijete. Tato restaurace v Pastvin\u00e1ch m\u00e1 opravdu dlouhou historii, kter\u00e1 sah\u00e1 do dob, kdy v Pastvin\u00e1ch \u017e\u00e1dn\u00e1 p\u0159ehrada nebyla a v \u00fadol\u00ed pod dne\u0161n\u00edm mostem st\u00e1vala \u0161kola, obchod a ji\u017e zm\u00edn\u011bn\u00fd W\u00e1gner\u016fv [&hellip;]<\/p>\n","protected":false},"author":6,"featured_media":1789,"parent":0,"menu_order":0,"comment_status":"closed","ping_status":"closed","template":"","meta":{"_acf_changed":false,"footnotes":""},"class_list":["post-1790","page","type-page","status-publish","has-post-thumbnail","hentry","has-post-title","has-post-date","has-post-category","has-post-tag","has-post-comment","has-post-author",""],"acf":[],"yoast_head":"<!-- This site is optimized with the Yoast SEO plugin v27.4 - https:\/\/yoast.com\/product\/yoast-seo-wordpress\/ -->\n<title>Restaurace U mostu - Pastviny | P\u0159ehrada Pastviny<\/title>\n<meta name=\"description\" content=\"Restaurace U Mostu Pastviny. Restaurace s bohatou histori\u00ed, ale i nab\u00eddkou stoj\u00ed na b\u0159ehu p\u0159ehrady Pastviny hned vedle mostu.\" \/>\n<meta name=\"robots\" content=\"index, follow, max-snippet:-1, max-image-preview:large, max-video-preview:-1\" \/>\n<link rel=\"canonical\" href=\"https:\/\/prehrada-pastviny.cz\/cs\/restaurace-u-mostu-pastviny\/\" \/>\n<meta property=\"og:locale\" content=\"cs_CZ\" \/>\n<meta property=\"og:type\" content=\"article\" \/>\n<meta property=\"og:title\" content=\"Restaurace U mostu - Pastviny | P\u0159ehrada Pastviny\" \/>\n<meta property=\"og:description\" content=\"Restaurace U Mostu Pastviny. Restaurace s bohatou histori\u00ed, ale i nab\u00eddkou stoj\u00ed na b\u0159ehu p\u0159ehrady Pastviny hned vedle mostu.\" \/>\n<meta property=\"og:url\" content=\"https:\/\/prehrada-pastviny.cz\/cs\/restaurace-u-mostu-pastviny\/\" \/>\n<meta property=\"og:site_name\" content=\"P\u0159ehrada Pastviny\" \/>\n<meta property=\"article:publisher\" content=\"https:\/\/www.facebook.com\/pastviny\" \/>\n<meta property=\"article:modified_time\" content=\"2023-04-14T05:29:58+00:00\" \/>\n<meta property=\"og:image\" content=\"https:\/\/prehrada-pastviny.cz\/wp-content\/uploads\/2016\/10\/restasurace.jpg\" \/>\n\t<meta property=\"og:image:width\" content=\"800\" \/>\n\t<meta property=\"og:image:height\" content=\"600\" \/>\n\t<meta property=\"og:image:type\" content=\"image\/jpeg\" \/>\n<meta name=\"twitter:card\" content=\"summary_large_image\" \/>\n<meta name=\"twitter:label1\" content=\"Odhadovan\u00e1 doba \u010dten\u00ed\" \/>\n\t<meta name=\"twitter:data1\" content=\"1 minuta\" \/>\n<script type=\"application\/ld+json\" class=\"yoast-schema-graph\">{\"@context\":\"https:\\\/\\\/schema.org\",\"@graph\":[{\"@type\":\"WebPage\",\"@id\":\"https:\\\/\\\/prehrada-pastviny.cz\\\/cs\\\/restaurace-u-mostu-pastviny\\\/\",\"url\":\"https:\\\/\\\/prehrada-pastviny.cz\\\/cs\\\/restaurace-u-mostu-pastviny\\\/\",\"name\":\"Restaurace U mostu - Pastviny | P\u0159ehrada Pastviny\",\"isPartOf\":{\"@id\":\"https:\\\/\\\/prehrada-pastviny.cz\\\/cs\\\/#website\"},\"primaryImageOfPage\":{\"@id\":\"https:\\\/\\\/prehrada-pastviny.cz\\\/cs\\\/restaurace-u-mostu-pastviny\\\/#primaryimage\"},\"image\":{\"@id\":\"https:\\\/\\\/prehrada-pastviny.cz\\\/cs\\\/restaurace-u-mostu-pastviny\\\/#primaryimage\"},\"thumbnailUrl\":\"https:\\\/\\\/prehrada-pastviny.cz\\\/wp-content\\\/uploads\\\/2016\\\/10\\\/restasurace.jpg\",\"datePublished\":\"2016-10-25T11:04:54+00:00\",\"dateModified\":\"2023-04-14T05:29:58+00:00\",\"description\":\"Restaurace U Mostu Pastviny. Restaurace s bohatou histori\u00ed, ale i nab\u00eddkou stoj\u00ed na b\u0159ehu p\u0159ehrady Pastviny hned vedle mostu.\",\"breadcrumb\":{\"@id\":\"https:\\\/\\\/prehrada-pastviny.cz\\\/cs\\\/restaurace-u-mostu-pastviny\\\/#breadcrumb\"},\"inLanguage\":\"cs\",\"potentialAction\":[{\"@type\":\"ReadAction\",\"target\":[\"https:\\\/\\\/prehrada-pastviny.cz\\\/cs\\\/restaurace-u-mostu-pastviny\\\/\"]}]},{\"@type\":\"ImageObject\",\"inLanguage\":\"cs\",\"@id\":\"https:\\\/\\\/prehrada-pastviny.cz\\\/cs\\\/restaurace-u-mostu-pastviny\\\/#primaryimage\",\"url\":\"https:\\\/\\\/prehrada-pastviny.cz\\\/wp-content\\\/uploads\\\/2016\\\/10\\\/restasurace.jpg\",\"contentUrl\":\"https:\\\/\\\/prehrada-pastviny.cz\\\/wp-content\\\/uploads\\\/2016\\\/10\\\/restasurace.jpg\",\"width\":800,\"height\":600,\"caption\":\"restasurace\"},{\"@type\":\"BreadcrumbList\",\"@id\":\"https:\\\/\\\/prehrada-pastviny.cz\\\/cs\\\/restaurace-u-mostu-pastviny\\\/#breadcrumb\",\"itemListElement\":[{\"@type\":\"ListItem\",\"position\":1,\"name\":\"Dom\u016f\",\"item\":\"https:\\\/\\\/prehrada-pastviny.cz\\\/cs\\\/\"},{\"@type\":\"ListItem\",\"position\":2,\"name\":\"Restaurace U mostu &#8211; Pastviny\"}]},{\"@type\":\"WebSite\",\"@id\":\"https:\\\/\\\/prehrada-pastviny.cz\\\/cs\\\/#website\",\"url\":\"https:\\\/\\\/prehrada-pastviny.cz\\\/cs\\\/\",\"name\":\"P\u0159ehrada Pastviny\",\"description\":\"Pastvinsk\u00e1 P\u0159ehrada\",\"alternateName\":\"Pastvinsk\u00e1 p\u0159ehrada\",\"potentialAction\":[{\"@type\":\"SearchAction\",\"target\":{\"@type\":\"EntryPoint\",\"urlTemplate\":\"https:\\\/\\\/prehrada-pastviny.cz\\\/cs\\\/?s={search_term_string}\"},\"query-input\":{\"@type\":\"PropertyValueSpecification\",\"valueRequired\":true,\"valueName\":\"search_term_string\"}}],\"inLanguage\":\"cs\"}]}<\/script>\n<!-- \/ Yoast SEO plugin. -->","yoast_head_json":{"title":"Restaurace U mostu - Pastviny | P\u0159ehrada Pastviny","description":"Restaurace U Mostu Pastviny. Restaurace s bohatou histori\u00ed, ale i nab\u00eddkou stoj\u00ed na b\u0159ehu p\u0159ehrady Pastviny hned vedle mostu.","robots":{"index":"index","follow":"follow","max-snippet":"max-snippet:-1","max-image-preview":"max-image-preview:large","max-video-preview":"max-video-preview:-1"},"canonical":"https:\/\/prehrada-pastviny.cz\/cs\/restaurace-u-mostu-pastviny\/","og_locale":"cs_CZ","og_type":"article","og_title":"Restaurace U mostu - Pastviny | P\u0159ehrada Pastviny","og_description":"Restaurace U Mostu Pastviny. Restaurace s bohatou histori\u00ed, ale i nab\u00eddkou stoj\u00ed na b\u0159ehu p\u0159ehrady Pastviny hned vedle mostu.","og_url":"https:\/\/prehrada-pastviny.cz\/cs\/restaurace-u-mostu-pastviny\/","og_site_name":"P\u0159ehrada Pastviny","article_publisher":"https:\/\/www.facebook.com\/pastviny","article_modified_time":"2023-04-14T05:29:58+00:00","og_image":[{"width":800,"height":600,"url":"https:\/\/prehrada-pastviny.cz\/wp-content\/uploads\/2016\/10\/restasurace.jpg","type":"image\/jpeg"}],"twitter_card":"summary_large_image","twitter_misc":{"Odhadovan\u00e1 doba \u010dten\u00ed":"1 minuta"},"schema":{"@context":"https:\/\/schema.org","@graph":[{"@type":"WebPage","@id":"https:\/\/prehrada-pastviny.cz\/cs\/restaurace-u-mostu-pastviny\/","url":"https:\/\/prehrada-pastviny.cz\/cs\/restaurace-u-mostu-pastviny\/","name":"Restaurace U mostu - Pastviny | P\u0159ehrada Pastviny","isPartOf":{"@id":"https:\/\/prehrada-pastviny.cz\/cs\/#website"},"primaryImageOfPage":{"@id":"https:\/\/prehrada-pastviny.cz\/cs\/restaurace-u-mostu-pastviny\/#primaryimage"},"image":{"@id":"https:\/\/prehrada-pastviny.cz\/cs\/restaurace-u-mostu-pastviny\/#primaryimage"},"thumbnailUrl":"https:\/\/prehrada-pastviny.cz\/wp-content\/uploads\/2016\/10\/restasurace.jpg","datePublished":"2016-10-25T11:04:54+00:00","dateModified":"2023-04-14T05:29:58+00:00","description":"Restaurace U Mostu Pastviny. Restaurace s bohatou histori\u00ed, ale i nab\u00eddkou stoj\u00ed na b\u0159ehu p\u0159ehrady Pastviny hned vedle mostu.","breadcrumb":{"@id":"https:\/\/prehrada-pastviny.cz\/cs\/restaurace-u-mostu-pastviny\/#breadcrumb"},"inLanguage":"cs","potentialAction":[{"@type":"ReadAction","target":["https:\/\/prehrada-pastviny.cz\/cs\/restaurace-u-mostu-pastviny\/"]}]},{"@type":"ImageObject","inLanguage":"cs","@id":"https:\/\/prehrada-pastviny.cz\/cs\/restaurace-u-mostu-pastviny\/#primaryimage","url":"https:\/\/prehrada-pastviny.cz\/wp-content\/uploads\/2016\/10\/restasurace.jpg","contentUrl":"https:\/\/prehrada-pastviny.cz\/wp-content\/uploads\/2016\/10\/restasurace.jpg","width":800,"height":600,"caption":"restasurace"},{"@type":"BreadcrumbList","@id":"https:\/\/prehrada-pastviny.cz\/cs\/restaurace-u-mostu-pastviny\/#breadcrumb","itemListElement":[{"@type":"ListItem","position":1,"name":"Dom\u016f","item":"https:\/\/prehrada-pastviny.cz\/cs\/"},{"@type":"ListItem","position":2,"name":"Restaurace U mostu &#8211; Pastviny"}]},{"@type":"WebSite","@id":"https:\/\/prehrada-pastviny.cz\/cs\/#website","url":"https:\/\/prehrada-pastviny.cz\/cs\/","name":"P\u0159ehrada Pastviny","description":"Pastvinsk\u00e1 P\u0159ehrada","alternateName":"Pastvinsk\u00e1 p\u0159ehrada","potentialAction":[{"@type":"SearchAction","target":{"@type":"EntryPoint","urlTemplate":"https:\/\/prehrada-pastviny.cz\/cs\/?s={search_term_string}"},"query-input":{"@type":"PropertyValueSpecification","valueRequired":true,"valueName":"search_term_string"}}],"inLanguage":"cs"}]}},"builder_content":"","_links":{"self":[{"href":"https:\/\/prehrada-pastviny.cz\/cs\/wp-json\/wp\/v2\/pages\/1790","targetHints":{"allow":["GET"]}}],"collection":[{"href":"https:\/\/prehrada-pastviny.cz\/cs\/wp-json\/wp\/v2\/pages"}],"about":[{"href":"https:\/\/prehrada-pastviny.cz\/cs\/wp-json\/wp\/v2\/types\/page"}],"author":[{"embeddable":true,"href":"https:\/\/prehrada-pastviny.cz\/cs\/wp-json\/wp\/v2\/users\/6"}],"replies":[{"embeddable":true,"href":"https:\/\/prehrada-pastviny.cz\/cs\/wp-json\/wp\/v2\/comments?post=1790"}],"version-history":[{"count":22,"href":"https:\/\/prehrada-pastviny.cz\/cs\/wp-json\/wp\/v2\/pages\/1790\/revisions"}],"predecessor-version":[{"id":2817,"href":"https:\/\/prehrada-pastviny.cz\/cs\/wp-json\/wp\/v2\/pages\/1790\/revisions\/2817"}],"wp:featuredmedia":[{"embeddable":true,"href":"https:\/\/prehrada-pastviny.cz\/cs\/wp-json\/wp\/v2\/media\/1789"}],"wp:attachment":[{"href":"https:\/\/prehrada-pastviny.cz\/cs\/wp-json\/wp\/v2\/media?parent=1790"}],"curies":[{"name":"wp","href":"https:\/\/api.w.org\/{rel}","templated":true}]}}