{"id":2089,"date":"2023-03-03T09:56:36","date_gmt":"2023-03-03T08:56:36","guid":{"rendered":"http:\/\/new.prehrada-pastviny.cz\/cs\/home-copy\/"},"modified":"2023-03-28T19:58:44","modified_gmt":"2023-03-28T17:58:44","slug":"pridat-ubytovani-pastviny","status":"publish","type":"page","link":"https:\/\/prehrada-pastviny.cz\/cs\/pridat-ubytovani-pastviny\/","title":{"rendered":"P\u0159idat ubytov\u00e1n\u00ed v Pastvin\u00e1ch"},"content":{"rendered":"<!--themify_builder_content-->\n<div id=\"themify_builder_content-2089\" data-postid=\"2089\" class=\"themify_builder_content themify_builder_content-2089 themify_builder tf_clear\">\n                    <div  data-lazy=\"1\" class=\"module_row themify_builder_row tb_le52199 tb_first tf_w\">\n                        <div class=\"row_inner col_align_top tb_col_count_2 tf_box tf_rel\">\n                        <div  data-lazy=\"1\" class=\"module_column tb-column col3-2 tb_nz03932 first\">\n                    <!-- module text -->\n<div  class=\"module module-text tb_wsxx400  repeat \" data-lazy=\"1\">\n        <div  class=\"tb_text_wrap\">\n        <h3>P\u0159idat nebo upravit ubytovan\u00ed u p\u0159ehrady Pastviny<\/h3>\n<div id=\"content\" class=\"column\" role=\"main\">\n<div id=\"block-block-1\" class=\"block block-block first odd\">\n<p class=\"rtecenter\">\u00a0<\/p>\n<\/div>\n<\/div>\n\n<div class=\"um um-register um-2066\">\n\t<div class=\"um-form\" data-mode=\"register\">\n\t\t<form method=\"post\" action=\"\">\n\t\t\t<div class=\"um-row _um_row_1 \" style=\"margin: 0 0 30px 0;\"><div class=\"um-col-1\"><div  id=\"um_field_2066_user_login\" class=\"um-field um-field-text  um-field-user_login um-field-text um-field-type_text\" data-key=\"user_login\"><div class=\"um-field-label\"><label for=\"user_login-2066\">U\u017eivatelsk\u00e9 jm\u00e9no<\/label><div class=\"um-clear\"><\/div><\/div><div class=\"um-field-area\"><input  autocomplete=\"off\" class=\"um-form-field valid \" type=\"text\" name=\"user_login-2066\" id=\"user_login-2066\" value=\"\" placeholder=\"\" data-validate=\"unique_username\" data-key=\"user_login\"  aria-invalid=\"false\" \/>\n\n\t\t\t\t\t\t<\/div><\/div><div  id=\"um_field_2066_first_name\" class=\"um-field um-field-text  um-field-first_name um-field-text um-field-type_text\" data-key=\"first_name\"><div class=\"um-field-label\"><label for=\"first_name-2066\">Jm\u00e9no<\/label><div class=\"um-clear\"><\/div><\/div><div class=\"um-field-area\"><input  autocomplete=\"off\" class=\"um-form-field valid \" type=\"text\" name=\"first_name-2066\" id=\"first_name-2066\" value=\"\" placeholder=\"\" data-validate=\"\" data-key=\"first_name\"  aria-invalid=\"false\" \/>\n\n\t\t\t\t\t\t<\/div><\/div><div  id=\"um_field_2066_last_name\" class=\"um-field um-field-text  um-field-last_name um-field-text um-field-type_text\" data-key=\"last_name\"><div class=\"um-field-label\"><label for=\"last_name-2066\">P\u0159\u00edjmen\u00ed<\/label><div class=\"um-clear\"><\/div><\/div><div class=\"um-field-area\"><input  autocomplete=\"off\" class=\"um-form-field valid \" type=\"text\" name=\"last_name-2066\" id=\"last_name-2066\" value=\"\" placeholder=\"\" data-validate=\"\" data-key=\"last_name\"  aria-invalid=\"false\" \/>\n\n\t\t\t\t\t\t<\/div><\/div><div  id=\"um_field_2066_user_email\" class=\"um-field um-field-text  um-field-user_email um-field-text um-field-type_text\" data-key=\"user_email\"><div class=\"um-field-label\"><label for=\"user_email-2066\">Emailov\u00e1 adresa<\/label><div class=\"um-clear\"><\/div><\/div><div class=\"um-field-area\"><input  autocomplete=\"off\" class=\"um-form-field valid \" type=\"text\" name=\"user_email-2066\" id=\"user_email-2066\" value=\"\" placeholder=\"\" data-validate=\"unique_email\" data-key=\"user_email\"  aria-invalid=\"false\" \/>\n\n\t\t\t\t\t\t<\/div><\/div><div  id=\"um_field_2066_user_password\" class=\"um-field um-field-password  um-field-user_password um-field-password um-field-type_password\" data-key=\"user_password\"><div class=\"um-field-label\"><label for=\"user_password-2066\">Heslo<\/label><div class=\"um-clear\"><\/div><\/div><div class=\"um-field-area\"><input class=\"um-form-field valid \" type=\"password\" name=\"user_password-2066\" id=\"user_password-2066\" value=\"\" placeholder=\"\" data-validate=\"\" data-key=\"user_password\"  aria-invalid=\"false\" \/>\n\n\t\t\t\t\t\t\t<\/div><\/div><div  id=\"um_field_2066_confirm_user_password\" class=\"um-field um-field-password  um-field-user_password um-field-password um-field-type_password\" data-key=\"confirm_user_password\"><div class=\"um-field-label\"><label for=\"confirm_user_password-2066\">Opakovat Heslo<\/label><div class=\"um-clear\"><\/div><\/div><div class=\"um-field-area\"><input class=\"um-form-field valid \" type=\"password\" name=\"confirm_user_password-2066\" id=\"confirm_user_password-2066\" value=\"\" placeholder=\"Opakovat Heslo\" data-validate=\"\" data-key=\"confirm_user_password\"  aria-invalid=\"false\" \/><\/div><\/div><\/div><\/div>\t<input type=\"hidden\" name=\"form_id\" id=\"form_id_2066\" value=\"2066\" \/>\n\t\t<p class=\"um_request_name\">\n\t\t<label for=\"um_request_2066\">Only fill in if you are not human<\/label>\n\t\t<input type=\"hidden\" name=\"um_request\" id=\"um_request_2066\" class=\"input\" value=\"\" size=\"25\" autocomplete=\"off\" \/>\n\t<\/p>\n\t<input type=\"hidden\" id=\"_wpnonce\" name=\"_wpnonce\" value=\"281a9e0e66\" \/><input type=\"hidden\" name=\"_wp_http_referer\" value=\"\/cs\/wp-json\/wp\/v2\/pages\/2089\" \/>\n\t<div class=\"um-col-alt\">\n\n\t\t\n\t\t\t<div class=\"um-left um-half\">\n\t\t\t\t<input type=\"submit\" value=\"Registrace\" class=\"um-button\" id=\"um-submit-btn\" \/>\n\t\t\t<\/div>\n\t\t\t<div class=\"um-right um-half\">\n\t\t\t\t<a href=\"https:\/\/prehrada-pastviny.cz\/cs\/login\/\" class=\"um-button um-alt\">\n\t\t\t\t\tP\u0159ihl\u00e1\u0161en\u00ed\t\t\t\t<\/a>\n\t\t\t<\/div>\n\n\t\t\n\t\t<div class=\"um-clear\"><\/div>\n\n\t<\/div>\n\n\t\t\t<\/form>\n\t<\/div>\n<\/div>\n<style>\n\t\t\t.um-2066.um {\n\t\t\tmax-width: 450px;\n\t\t}\n\t\t<\/style>\n    <\/div>\n<\/div>\n<!-- \/module text -->        <\/div>\n                    <div  data-lazy=\"1\" class=\"module_column tb-column col3-1 tb_8gxw200 last\">\n                            <\/div>\n                        <\/div>\n        <\/div>\n                        <div  data-lazy=\"1\" class=\"module_row themify_builder_row tb_xsq6088 tf_w\">\n                        <div class=\"row_inner col_align_top tb_col_count_1 tf_box tf_rel\">\n                        <div  data-lazy=\"1\" class=\"module_column tb-column col-full tb_mfsk003 first\">\n                    <!-- module text -->\n<div  class=\"module module-text tb_6cyf099   \" data-lazy=\"1\">\n        <div  class=\"tb_text_wrap\">\n        <h3>Pro\u010d p\u0159idat v\u00e1\u0161 objekt k ubytov\u00e1n\u00ed do na\u0161eho katalogu?<\/h3>\n<p>Va\u0161i chatu, chalupu, apartm\u00e1n, penzion, hotel, d\u016fm \u010di glamping p\u0159id\u00e1te do na\u0161eho katalogu snadno a rychle. D\u00edky vysok\u00e9 n\u00e1v\u0161t\u011bvnosti na\u0161eho katalogu, tak z\u00edsk\u00e1te velk\u00e9 mno\u017estv\u00ed potencion\u00e1ln\u00edch z\u00e1kazn\u00edk\u016f, kte\u0159\u00ed mohou nab\u00eddku vyu\u017e\u00edt.<\/p>\n<p>Pat\u0159\u00edte mezi vlastn\u00edky rekrea\u010dn\u00edch objekt\u016f u Pastvinsk\u00e9 p\u0159ehrady? Pronaj\u00edm\u00e1te chatu nebo nad touto mo\u017enost\u00ed p\u0159em\u00fd\u0161l\u00edte? R\u00e1di um\u00edst\u00edme \u00a0ZDARMA Va\u0161i nab\u00eddku ubytov\u00e1n\u00ed do na\u0161eho seznamu ubytovac\u00edch za\u0159\u00edzen\u00ed v okol\u00ed p\u0159ehrady.\u00a0<\/p>\n<p>M\u00e1te li o um\u00edst\u011bn\u00ed z\u00e1jem sta\u010d\u00ed V\u00e1\u0161 objekt vyfotografovat a s popisem nab\u00eddky a ceny za pron\u00e1jem chaty zaslat na email\u00a0<a href=\"mailto:info@prehrada-pastviny.cz\">info@prehrada-pastviny.cz<\/a>. V p\u0159\u00edpad\u011b, \u017ee sami nejste schopni poklady k um\u00edst\u011bn\u00ed do na\u0161eho katalogu zajistit r\u00e1di V\u00e1m s jejich vytvo\u0159en\u00edm pom\u016f\u017eeme. Sta\u010d\u00ed n\u00e1s kontaktovat na v\u00fd\u0161e uveden\u00e9m emailu.<\/p>    <\/div>\n<\/div>\n<!-- \/module text --><!-- module buttons -->\n<div  class=\"module module-buttons tb_6fhb100 buttons-horizontal solid \" data-lazy=\"1\">\n        <div class=\"module-buttons-item tf_in_flx\">\n                        <a href=\"\/cs\/ubytovani\/\" class=\"ui builder_button tf_in_flx black\" >\n                                                Zobrazit katalog ubytovac\u00edch za\u0159\u00edzen\u00ed                                        <em><svg  class=\"tf_fa tf-ti-arrow-right\" xmlns:xlink=\"http:\/\/www.w3.org\/1999\/xlink\" aria-hidden=\"true\"><use href=\"#tf-ti-arrow-right\" xlink:href=\"#tf-ti-arrow-right\"><\/use><\/svg><\/em>                            <\/a>\n                <\/div>\n            <\/div>\n<!-- \/module buttons -->\n        <\/div>\n                        <\/div>\n        <\/div>\n                        <div  data-lazy=\"1\" class=\"module_row themify_builder_row tb_x4wb090 tf_w\">\n                        <div class=\"row_inner col_align_middle tb_col_count_2 tf_box tf_rel\">\n                        <div  data-lazy=\"1\" class=\"module_column tb-column col4-2 tb_ydz3340 first\">\n                    <!-- module video -->\n<div  class=\"module module-video tb_f3z6133 video-top  \" data-lazy=\"1\">\n                    <div class=\"video-wrap-outer\">\n            <div class=\"video-wrap tf_rel tf_overflow tf_local_video\">\n                \n                    \n                    <div style=\"width: 640px;\" class=\"wp-video\"><video class=\"wp-video-shortcode\" id=\"video-2089-1\" width=\"640\" height=\"360\" loop data-download data-hide-controls preload=\"metadata\" controls=\"controls\"><source type=\"video\/mp4\" src=\"https:\/\/prehrada-pastviny.cz\/wp-content\/uploads\/2022\/11\/MP4_20220621_072933VLOG.mp4?_=1\" \/><a href=\"https:\/\/prehrada-pastviny.cz\/wp-content\/uploads\/2022\/11\/MP4_20220621_072933VLOG.mp4\">https:\/\/prehrada-pastviny.cz\/wp-content\/uploads\/2022\/11\/MP4_20220621_072933VLOG.mp4<\/a><\/video><\/div>\n                    \n                                <\/div>\n            <!-- \/video-wrap -->\n        <\/div>\n        <!-- \/video-wrap-outer -->\n            <\/div>\n        <\/div>\n                    <div  data-lazy=\"1\" class=\"module_column tb-column col4-2 tb_f0cc000 last\">\n                    <!-- module text -->\n<div  class=\"module module-text tb_749h924  repeat \" data-lazy=\"1\">\n        <div  class=\"tb_text_wrap\">\n        <h2>Ter\u00e9nn\u00ed kolob\u011b\u017eky <\/h2>\n<p>Ter\u00e9n, hory, dobrodru\u017estv\u00ed. To v\u0161e V\u00e1s \u010dek\u00e1 na na\u0161ich ter\u00e9nn\u00edch kolob\u011b\u017ek\u00e1ch. Trasa z Ka\u0161parovy chaty p\u0159es \u010cesk\u00e9 Petrovice, a\u017e k p\u0159ehrad\u011b v Pastvinch slibuje n\u00e1dhern\u00e9 v\u00fdhledy a romantick\u00e1 z\u00e1kout\u00ed. M\u00edjet budete tak\u00e9 <a href=\"https:\/\/www.scholzuvmlyn.cz\">Scholz\u016fv ml\u00fdn<\/a> s to\u010d\u00edc\u00edm se vodn\u00edm kolem poh\u00e1n\u011bn\u00e9m potokem Orli\u010dka. Tento potok pak bude va\u0161im pobo\u010dn\u00edkem t\u00e9m\u011b\u0159 celou cestu, jen ob\u010das si n\u011bkam odsko\u010d\u00ed. <span class=\"read-more-target\">Na\u0161e kolob\u011b\u017eky jsou vyrobeny z konstruk\u010dn\u00edch materi\u00e1l\u016f a komponent\u016f pro maxim\u00e1ln\u00ed odolnost a pro pohyb na nezpevn\u011bn\u00fdch cest\u00e1ch. <\/span><\/p>    <\/div>\n<\/div>\n<!-- \/module text --><!-- module buttons -->\n<div  class=\"module module-buttons tb_f5w0323 buttons-horizontal solid \" data-lazy=\"1\">\n        <div class=\"module-buttons-item tf_in_flx\">\n                        <a href=\"https:\/\/kolobezky.ceskepetrovice.cz\" class=\"ui builder_button tf_in_flx black\" >\n                                                Zjistit v\u00edce informac\u00ed                                        <em><svg  class=\"tf_fa tf-ti-arrow-right\" xmlns:xlink=\"http:\/\/www.w3.org\/1999\/xlink\" aria-hidden=\"true\"><use href=\"#tf-ti-arrow-right\" xlink:href=\"#tf-ti-arrow-right\"><\/use><\/svg><\/em>                            <\/a>\n                <\/div>\n            <\/div>\n<!-- \/module buttons -->\n        <\/div>\n                        <\/div>\n        <\/div>\n        <\/div>\n<!--\/themify_builder_content-->","protected":false},"excerpt":{"rendered":"<p>P\u0159idat nebo upravit ubytovan\u00ed u p\u0159ehrady Pastviny \u00a0 Pro\u010d p\u0159idat v\u00e1\u0161 objekt k ubytov\u00e1n\u00ed do na\u0161eho katalogu? Va\u0161i chatu, chalupu, apartm\u00e1n, penzion, hotel, d\u016fm \u010di glamping p\u0159id\u00e1te do na\u0161eho katalogu snadno a rychle. D\u00edky vysok\u00e9 n\u00e1v\u0161t\u011bvnosti na\u0161eho katalogu, tak z\u00edsk\u00e1te velk\u00e9 mno\u017estv\u00ed potencion\u00e1ln\u00edch z\u00e1kazn\u00edk\u016f, kte\u0159\u00ed mohou nab\u00eddku vyu\u017e\u00edt. Pat\u0159\u00edte mezi vlastn\u00edky rekrea\u010dn\u00edch objekt\u016f u Pastvinsk\u00e9 [&hellip;]<\/p>\n","protected":false},"author":1,"featured_media":0,"parent":0,"menu_order":0,"comment_status":"closed","ping_status":"closed","template":"","meta":{"_acf_changed":false,"footnotes":""},"class_list":["post-2089","page","type-page","status-publish","hentry","has-post-title","has-post-date","has-post-category","has-post-tag","has-post-comment","has-post-author",""],"acf":[],"yoast_head":"<!-- This site is optimized with the Yoast SEO plugin v27.4 - https:\/\/yoast.com\/product\/yoast-seo-wordpress\/ -->\n<title>P\u0159idat ubytov\u00e1n\u00ed v Pastvin\u00e1ch | P\u0159ehrada Pastviny<\/title>\n<meta name=\"robots\" content=\"index, follow, max-snippet:-1, max-image-preview:large, max-video-preview:-1\" \/>\n<link rel=\"canonical\" href=\"https:\/\/prehrada-pastviny.cz\/cs\/pridat-ubytovani-pastviny\/\" \/>\n<meta property=\"og:locale\" content=\"cs_CZ\" \/>\n<meta property=\"og:type\" content=\"article\" \/>\n<meta property=\"og:title\" content=\"P\u0159idat ubytov\u00e1n\u00ed v Pastvin\u00e1ch | P\u0159ehrada Pastviny\" \/>\n<meta property=\"og:description\" content=\"P\u0159idat nebo upravit ubytovan\u00ed u p\u0159ehrady Pastviny \u00a0 Pro\u010d p\u0159idat v\u00e1\u0161 objekt k ubytov\u00e1n\u00ed do na\u0161eho katalogu? Va\u0161i chatu, chalupu, apartm\u00e1n, penzion, hotel, d\u016fm \u010di glamping p\u0159id\u00e1te do na\u0161eho katalogu snadno a rychle. D\u00edky vysok\u00e9 n\u00e1v\u0161t\u011bvnosti na\u0161eho katalogu, tak z\u00edsk\u00e1te velk\u00e9 mno\u017estv\u00ed potencion\u00e1ln\u00edch z\u00e1kazn\u00edk\u016f, kte\u0159\u00ed mohou nab\u00eddku vyu\u017e\u00edt. Pat\u0159\u00edte mezi vlastn\u00edky rekrea\u010dn\u00edch objekt\u016f u Pastvinsk\u00e9 [&hellip;]\" \/>\n<meta property=\"og:url\" content=\"https:\/\/prehrada-pastviny.cz\/cs\/pridat-ubytovani-pastviny\/\" \/>\n<meta property=\"og:site_name\" content=\"P\u0159ehrada Pastviny\" \/>\n<meta property=\"article:publisher\" content=\"https:\/\/www.facebook.com\/pastviny\" \/>\n<meta property=\"article:modified_time\" content=\"2023-03-28T17:58:44+00:00\" \/>\n<meta property=\"og:image\" content=\"https:\/\/prehrada-pastviny.cz\/wp-content\/uploads\/2023\/04\/preharda-pastviny-leto.jpg\" \/>\n\t<meta property=\"og:image:width\" content=\"1334\" \/>\n\t<meta property=\"og:image:height\" content=\"750\" \/>\n\t<meta property=\"og:image:type\" content=\"image\/jpeg\" \/>\n<meta name=\"twitter:card\" content=\"summary_large_image\" \/>\n<meta name=\"twitter:label1\" content=\"Odhadovan\u00e1 doba \u010dten\u00ed\" \/>\n\t<meta name=\"twitter:data1\" content=\"2 minuty\" \/>\n<script type=\"application\/ld+json\" class=\"yoast-schema-graph\">{\"@context\":\"https:\\\/\\\/schema.org\",\"@graph\":[{\"@type\":\"WebPage\",\"@id\":\"https:\\\/\\\/prehrada-pastviny.cz\\\/cs\\\/pridat-ubytovani-pastviny\\\/\",\"url\":\"https:\\\/\\\/prehrada-pastviny.cz\\\/cs\\\/pridat-ubytovani-pastviny\\\/\",\"name\":\"P\u0159idat ubytov\u00e1n\u00ed v Pastvin\u00e1ch | P\u0159ehrada Pastviny\",\"isPartOf\":{\"@id\":\"https:\\\/\\\/prehrada-pastviny.cz\\\/cs\\\/#website\"},\"datePublished\":\"2023-03-03T08:56:36+00:00\",\"dateModified\":\"2023-03-28T17:58:44+00:00\",\"breadcrumb\":{\"@id\":\"https:\\\/\\\/prehrada-pastviny.cz\\\/cs\\\/pridat-ubytovani-pastviny\\\/#breadcrumb\"},\"inLanguage\":\"cs\",\"potentialAction\":[{\"@type\":\"ReadAction\",\"target\":[\"https:\\\/\\\/prehrada-pastviny.cz\\\/cs\\\/pridat-ubytovani-pastviny\\\/\"]}]},{\"@type\":\"BreadcrumbList\",\"@id\":\"https:\\\/\\\/prehrada-pastviny.cz\\\/cs\\\/pridat-ubytovani-pastviny\\\/#breadcrumb\",\"itemListElement\":[{\"@type\":\"ListItem\",\"position\":1,\"name\":\"Dom\u016f\",\"item\":\"https:\\\/\\\/prehrada-pastviny.cz\\\/cs\\\/\"},{\"@type\":\"ListItem\",\"position\":2,\"name\":\"P\u0159idat ubytov\u00e1n\u00ed v Pastvin\u00e1ch\"}]},{\"@type\":\"WebSite\",\"@id\":\"https:\\\/\\\/prehrada-pastviny.cz\\\/cs\\\/#website\",\"url\":\"https:\\\/\\\/prehrada-pastviny.cz\\\/cs\\\/\",\"name\":\"P\u0159ehrada Pastviny\",\"description\":\"Pastvinsk\u00e1 P\u0159ehrada\",\"alternateName\":\"Pastvinsk\u00e1 p\u0159ehrada\",\"potentialAction\":[{\"@type\":\"SearchAction\",\"target\":{\"@type\":\"EntryPoint\",\"urlTemplate\":\"https:\\\/\\\/prehrada-pastviny.cz\\\/cs\\\/?s={search_term_string}\"},\"query-input\":{\"@type\":\"PropertyValueSpecification\",\"valueRequired\":true,\"valueName\":\"search_term_string\"}}],\"inLanguage\":\"cs\"}]}<\/script>\n<!-- \/ Yoast SEO plugin. -->","yoast_head_json":{"title":"P\u0159idat ubytov\u00e1n\u00ed v Pastvin\u00e1ch | P\u0159ehrada Pastviny","robots":{"index":"index","follow":"follow","max-snippet":"max-snippet:-1","max-image-preview":"max-image-preview:large","max-video-preview":"max-video-preview:-1"},"canonical":"https:\/\/prehrada-pastviny.cz\/cs\/pridat-ubytovani-pastviny\/","og_locale":"cs_CZ","og_type":"article","og_title":"P\u0159idat ubytov\u00e1n\u00ed v Pastvin\u00e1ch | P\u0159ehrada Pastviny","og_description":"P\u0159idat nebo upravit ubytovan\u00ed u p\u0159ehrady Pastviny \u00a0 Pro\u010d p\u0159idat v\u00e1\u0161 objekt k ubytov\u00e1n\u00ed do na\u0161eho katalogu? Va\u0161i chatu, chalupu, apartm\u00e1n, penzion, hotel, d\u016fm \u010di glamping p\u0159id\u00e1te do na\u0161eho katalogu snadno a rychle. D\u00edky vysok\u00e9 n\u00e1v\u0161t\u011bvnosti na\u0161eho katalogu, tak z\u00edsk\u00e1te velk\u00e9 mno\u017estv\u00ed potencion\u00e1ln\u00edch z\u00e1kazn\u00edk\u016f, kte\u0159\u00ed mohou nab\u00eddku vyu\u017e\u00edt. Pat\u0159\u00edte mezi vlastn\u00edky rekrea\u010dn\u00edch objekt\u016f u Pastvinsk\u00e9 [&hellip;]","og_url":"https:\/\/prehrada-pastviny.cz\/cs\/pridat-ubytovani-pastviny\/","og_site_name":"P\u0159ehrada Pastviny","article_publisher":"https:\/\/www.facebook.com\/pastviny","article_modified_time":"2023-03-28T17:58:44+00:00","og_image":[{"width":1334,"height":750,"url":"https:\/\/prehrada-pastviny.cz\/wp-content\/uploads\/2023\/04\/preharda-pastviny-leto.jpg","type":"image\/jpeg"}],"twitter_card":"summary_large_image","twitter_misc":{"Odhadovan\u00e1 doba \u010dten\u00ed":"2 minuty"},"schema":{"@context":"https:\/\/schema.org","@graph":[{"@type":"WebPage","@id":"https:\/\/prehrada-pastviny.cz\/cs\/pridat-ubytovani-pastviny\/","url":"https:\/\/prehrada-pastviny.cz\/cs\/pridat-ubytovani-pastviny\/","name":"P\u0159idat ubytov\u00e1n\u00ed v Pastvin\u00e1ch | P\u0159ehrada Pastviny","isPartOf":{"@id":"https:\/\/prehrada-pastviny.cz\/cs\/#website"},"datePublished":"2023-03-03T08:56:36+00:00","dateModified":"2023-03-28T17:58:44+00:00","breadcrumb":{"@id":"https:\/\/prehrada-pastviny.cz\/cs\/pridat-ubytovani-pastviny\/#breadcrumb"},"inLanguage":"cs","potentialAction":[{"@type":"ReadAction","target":["https:\/\/prehrada-pastviny.cz\/cs\/pridat-ubytovani-pastviny\/"]}]},{"@type":"BreadcrumbList","@id":"https:\/\/prehrada-pastviny.cz\/cs\/pridat-ubytovani-pastviny\/#breadcrumb","itemListElement":[{"@type":"ListItem","position":1,"name":"Dom\u016f","item":"https:\/\/prehrada-pastviny.cz\/cs\/"},{"@type":"ListItem","position":2,"name":"P\u0159idat ubytov\u00e1n\u00ed v Pastvin\u00e1ch"}]},{"@type":"WebSite","@id":"https:\/\/prehrada-pastviny.cz\/cs\/#website","url":"https:\/\/prehrada-pastviny.cz\/cs\/","name":"P\u0159ehrada Pastviny","description":"Pastvinsk\u00e1 P\u0159ehrada","alternateName":"Pastvinsk\u00e1 p\u0159ehrada","potentialAction":[{"@type":"SearchAction","target":{"@type":"EntryPoint","urlTemplate":"https:\/\/prehrada-pastviny.cz\/cs\/?s={search_term_string}"},"query-input":{"@type":"PropertyValueSpecification","valueRequired":true,"valueName":"search_term_string"}}],"inLanguage":"cs"}]}},"builder_content":"<h3>P\u0159idat nebo upravit ubytovan\u00ed u p\u0159ehrady Pastviny<\/h3>\n<p>\u00a0<\/p>\n<p>[ultimatemember form_id=\"2066\"]<\/p>\n<h3>Pro\u010d p\u0159idat v\u00e1\u0161 objekt k ubytov\u00e1n\u00ed do na\u0161eho katalogu?<\/h3> <p>Va\u0161i chatu, chalupu, apartm\u00e1n, penzion, hotel, d\u016fm \u010di glamping p\u0159id\u00e1te do na\u0161eho katalogu snadno a rychle. D\u00edky vysok\u00e9 n\u00e1v\u0161t\u011bvnosti na\u0161eho katalogu, tak z\u00edsk\u00e1te velk\u00e9 mno\u017estv\u00ed potencion\u00e1ln\u00edch z\u00e1kazn\u00edk\u016f, kte\u0159\u00ed mohou nab\u00eddku vyu\u017e\u00edt.<\/p> <p>Pat\u0159\u00edte mezi vlastn\u00edky rekrea\u010dn\u00edch objekt\u016f u Pastvinsk\u00e9 p\u0159ehrady? Pronaj\u00edm\u00e1te chatu nebo nad touto mo\u017enost\u00ed p\u0159em\u00fd\u0161l\u00edte? R\u00e1di um\u00edst\u00edme \u00a0ZDARMA Va\u0161i nab\u00eddku ubytov\u00e1n\u00ed do na\u0161eho seznamu ubytovac\u00edch za\u0159\u00edzen\u00ed v okol\u00ed p\u0159ehrady.\u00a0<\/p> <p>M\u00e1te li o um\u00edst\u011bn\u00ed z\u00e1jem sta\u010d\u00ed V\u00e1\u0161 objekt vyfotografovat a s popisem nab\u00eddky a ceny za pron\u00e1jem chaty zaslat na email\u00a0<a href=\"mailto:info@prehrada-pastviny.cz\">info@prehrada-pastviny.cz<\/a>. V p\u0159\u00edpad\u011b, \u017ee sami nejste schopni poklady k um\u00edst\u011bn\u00ed do na\u0161eho katalogu zajistit r\u00e1di V\u00e1m s jejich vytvo\u0159en\u00edm pom\u016f\u017eeme. Sta\u010d\u00ed n\u00e1s kontaktovat na v\u00fd\u0161e uveden\u00e9m emailu.<\/p>\n<a href=\"\/cs\/ubytovani\/\" > Zobrazit katalog ubytovac\u00edch za\u0159\u00edzen\u00ed <em><svg xmlns:xlink=\"http:\/\/www.w3.org\/1999\/xlink\" aria-hidden=\"true\"><use href=\"#tf-ti-arrow-right\" xlink:href=\"#tf-ti-arrow-right\"><\/use><\/svg><\/em> <\/a>\n[video src=\"https:\/\/prehrada-pastviny.cz\/wp-content\/uploads\/2022\/11\/MP4_20220621_072933VLOG.mp4\" width=\"1920\" height=\"1080\"][\/video]\n<h2>Ter\u00e9nn\u00ed kolob\u011b\u017eky <\/h2> <p>Ter\u00e9n, hory, dobrodru\u017estv\u00ed. To v\u0161e V\u00e1s \u010dek\u00e1 na na\u0161ich ter\u00e9nn\u00edch kolob\u011b\u017ek\u00e1ch. Trasa z Ka\u0161parovy chaty p\u0159es \u010cesk\u00e9 Petrovice, a\u017e k p\u0159ehrad\u011b v Pastvinch slibuje n\u00e1dhern\u00e9 v\u00fdhledy a romantick\u00e1 z\u00e1kout\u00ed. M\u00edjet budete tak\u00e9 <a href=\"https:\/\/www.scholzuvmlyn.cz\">Scholz\u016fv ml\u00fdn<\/a> s to\u010d\u00edc\u00edm se vodn\u00edm kolem poh\u00e1n\u011bn\u00e9m potokem Orli\u010dka. Tento potok pak bude va\u0161im pobo\u010dn\u00edkem t\u00e9m\u011b\u0159 celou cestu, jen ob\u010das si n\u011bkam odsko\u010d\u00ed. Na\u0161e kolob\u011b\u017eky jsou vyrobeny z konstruk\u010dn\u00edch materi\u00e1l\u016f a komponent\u016f pro maxim\u00e1ln\u00ed odolnost a pro pohyb na nezpevn\u011bn\u00fdch cest\u00e1ch. <\/p>\n<a href=\"https:\/\/kolobezky.ceskepetrovice.cz\" > Zjistit v\u00edce informac\u00ed <em><svg xmlns:xlink=\"http:\/\/www.w3.org\/1999\/xlink\" aria-hidden=\"true\"><use href=\"#tf-ti-arrow-right\" xlink:href=\"#tf-ti-arrow-right\"><\/use><\/svg><\/em> <\/a>","_links":{"self":[{"href":"https:\/\/prehrada-pastviny.cz\/cs\/wp-json\/wp\/v2\/pages\/2089","targetHints":{"allow":["GET"]}}],"collection":[{"href":"https:\/\/prehrada-pastviny.cz\/cs\/wp-json\/wp\/v2\/pages"}],"about":[{"href":"https:\/\/prehrada-pastviny.cz\/cs\/wp-json\/wp\/v2\/types\/page"}],"author":[{"embeddable":true,"href":"https:\/\/prehrada-pastviny.cz\/cs\/wp-json\/wp\/v2\/users\/1"}],"replies":[{"embeddable":true,"href":"https:\/\/prehrada-pastviny.cz\/cs\/wp-json\/wp\/v2\/comments?post=2089"}],"version-history":[{"count":19,"href":"https:\/\/prehrada-pastviny.cz\/cs\/wp-json\/wp\/v2\/pages\/2089\/revisions"}],"predecessor-version":[{"id":2649,"href":"https:\/\/prehrada-pastviny.cz\/cs\/wp-json\/wp\/v2\/pages\/2089\/revisions\/2649"}],"wp:attachment":[{"href":"https:\/\/prehrada-pastviny.cz\/cs\/wp-json\/wp\/v2\/media?parent=2089"}],"curies":[{"name":"wp","href":"https:\/\/api.w.org\/{rel}","templated":true}]}}